{"id":2685,"date":"2019-09-27T08:35:48","date_gmt":"2019-09-27T08:35:48","guid":{"rendered":"http:\/\/osmium-institut.si\/postani-partner\/"},"modified":"2021-03-25T23:18:49","modified_gmt":"2021-03-25T22:18:49","slug":"postani-partner","status":"publish","type":"page","link":"https:\/\/www.osmium-institut.si\/hr\/postani-partner\/","title":{"rendered":"Postanite partner"},"content":{"rendered":"<div class=\"wpb-content-wrapper\"><p>[vc_row][vc_column width=&#8221;1\/2&#8243;][vc_column_text css_animation=&#8221;none&#8221;]<\/p>\n<div class=\"title-h6\"><span style=\"color: #ffad00;\">POSTANITE PARTNER I PRIDRU\u017dITE NAM SE<\/span><\/div>\n<p>[\/vc_column_text][vc_column_text css_animation=&#8221;none&#8221;]<\/p>\n<div class=\"title-h2\" style=\"max-width: 800px;\">Izvanredna prilika u svijetu plemenitih metala<\/div>\n<p>[\/vc_column_text]<div class=\"clearboth\"><\/div><style>#thegem-divider-69f5c39c60837 {margin-top: 20px !important;}<\/style><div id=\"thegem-divider-69f5c39c60837\" class=\"gem-divider  \" style=\"\" ><\/div>[vc_column_text css_animation=&#8221;none&#8221;]<\/p>\n<div class=\"styled-subtitle\">\n<p style=\"text-align: justify; display: block; max-width: 750px; margin: 0 auto;\">Zanima vas marketing, prodaja? \u017delite raditi s ljudima i otkriti nove mogu\u0107nosti? Pridru\u017eite se stru\u010dnjacima za ulaganje u kristalni osmij &#8211; najrje\u0111i element na svijetu.<\/p>\n<\/div>\n<p>[\/vc_column_text][vc_column_text css_animation=&#8221;none&#8221;]<\/p>\n<div class=\"styled-subtitle\">\n<p style=\"text-align: justify; display: block; max-width: 750px; margin: 0 auto;\">\u017delite saznati vi\u0161e? Jeste li spremni iskoristiti ovu jedinstvenu priliku i krenuti na uzbudljivo putovanje svijetom plemenitih metala?<br \/>\n<a href=\"http:\/\/osmium-institut.si\/hr\/kontakt\/\"><span style=\"color: #ffad00;\">Kontaktirajte nas!<\/span> <\/a><\/p>\n<p>&nbsp;<\/p>\n<\/div>\n<p>[\/vc_column_text][\/vc_column][vc_column width=&#8221;1\/2&#8243;]<div class=\"centered-box gem-image-centered-box\" ><div class=\"gem-image gem-wrapbox gem-wrapbox-style-default gem-wrapbox-position-centered  thegem-custom-69f5c39c609011869\"  style=\"\" ><div class=\"gem-wrapbox-inner \" ><img class=\"gem-wrapbox-element img-responsive\" src=\"https:\/\/www.osmium-institut.si\/wp-content\/uploads\/2020\/04\/osmium-institut-slovenija-nalozba-posta-partner-osmij-foto-1.jpg\" alt=\"\"><\/div><style type=\"text\/css\">.thegem-custom-69f5c39c609011869.gem-image a:hover img {filter: brightness( 100% ) contrast( 100% ) saturate( 100% ) blur( 0px ) hue-rotate( 0deg );}<\/style><\/div><\/div>[\/vc_column][\/vc_row][vc_row full_width=&#8221;stretch_row&#8221; disable_element=&#8221;yes&#8221; css=&#8221;.vc_custom_1616710727597{margin-top: 0px !important;margin-bottom: 0px !important;padding-top: 0px !important;padding-bottom: 0px !important;background-position: 0 0 !important;background-repeat: no-repeat !important;}&#8221; el_class=&#8221;small-index&#8221;][vc_column css=&#8221;.vc_custom_1569506299177{margin-top: 0px !important;margin-bottom: 0px !important;padding-top: 0px !important;padding-bottom: 0px !important;}&#8221;]<div id=\"fullwidth-block-69f5c39c614e5\" class=\"fullwidth-block clearfix\"  style=\"padding-top: 200px;padding-bottom: 100px;\"><script type=\"text\/javascript\">if (typeof(gem_fix_fullwidth_position) == \"function\") { gem_fix_fullwidth_position(document.getElementById(\"fullwidth-block-69f5c39c614e5\")); }<\/script><div class=\"fullwidth-block-background\" style=\"background-image: url(https:\/\/www.osmium-institut.si\/wp-content\/uploads\/2020\/04\/osmium-institut-slovenija-ozadje-nalozbe-osmij-1024x391-1.png);background-repeat: no-repeat; background-size: cover;background-position: center top;\"><\/div><div class=\"fullwidth-block-inner\">[vc_column_text css_animation=&#8221;bottom-to-top&#8221;]<\/p>\n<div class=\"title-h6 small-body\" style=\"text-align: center;\"><span style=\"color: #ffad00;\">JESTE LI SPREMNI?<\/span><\/div>\n<p>[\/vc_column_text][vc_column_text css_animation=&#8221;bottom-to-top&#8221;]<\/p>\n<p class=\"title-h5\" style=\"text-align: center; display: block; max-width: 750px; margin: 0 auto;\"><span style=\"color: #ffffff;\">Osmij je dragocjeni metal koji brzinom svjetlosti osvaja investicijski svijet malih i velikih investitora, privatnih osoba i poduze\u0107a. <\/span><\/p>\n<p>[\/vc_column_text]<style type=\"text\/css\">.thegem-button-69f5c39c617964832.lazy-loading-before-start-animation .lazy-loading-item {opacity: 0;} body.thegem-effects-disabled .thegem-button-69f5c39c617964832.lazy-loading-before-start-animation .lazy-loading-item {opacity: 1;}<\/style><style type=\"text\/css\">.thegem-button-69f5c39c617964832 .gem-button svg {fill: #ffffff;}.thegem-button-69f5c39c617964832 .gem-button:hover svg {fill: #ffffff;}<\/style><div class=\"gem-button-container gem-button-position-center thegem-button-69f5c39c617964832     lazy-loading lazy-loading-before-start-animation\"  ><a class=\"gem-button gem-button-size-medium gem-button-style-flat gem-button-text-weight-thin lazy-loading-item\" data-ll-effect=\"drop-right-without-wrap\" style=\"border-radius: 36px;background-color: #9191f6;color: #ffffff;\" onmouseleave=\"this.style.backgroundColor='#9191f6';this.style.color='#ffffff';\" onmouseenter=\"this.style.backgroundColor='#feb10a';this.style.color='#ffffff';\" href=\"\/postani-partner\/#prijava\" target=\"_self\">POSTANITE PARTNER<\/a><\/div> <\/div><\/div>[\/vc_column][\/vc_row][vc_row full_width=&#8221;stretch_row&#8221; content_placement=&#8221;middle&#8221; parallax=&#8221;content-moving&#8221; parallax_image=&#8221;1643&#8243; css=&#8221;.vc_custom_1587714444860{margin-top: 0px !important;margin-bottom: 0px !important;border-bottom-width: 0px !important;padding-top: 0px !important;padding-bottom: 0px !important;}&#8221;][vc_column offset=&#8221;vc_col-lg-12 vc_col-md-12&#8243;]<div class=\"clearboth\"><\/div><style>#thegem-divider-69f5c39c61877 {margin-top: 70px !important;}<\/style><div id=\"thegem-divider-69f5c39c61877\" class=\"gem-divider  \" style=\"\" ><\/div>[vc_row_inner equal_height=&#8221;yes&#8221; content_placement=&#8221;middle&#8221; css=&#8221;.vc_custom_1587716693873{background-color: rgba(255,255,255,0.75) !important;*background-color: rgb(255,255,255) !important;}&#8221;][vc_column_inner width=&#8221;1\/2&#8243;][vc_column_text css_animation=&#8221;bottom-to-top&#8221;]<\/p>\n<div class=\"title-h5\" style=\"text-align: center;\">\u0160TO NUDIMO?<\/div>\n<p>[\/vc_column_text][vc_column_text css_animation=&#8221;bottom-to-top&#8221;]<\/p>\n<div class=\"title-h2\" style=\"text-align: center;\">&#8221;<br \/>\nUpoznajte osmij &#8211; prepoznajte priliku!&#8221;<\/div>\n<p>[\/vc_column_text]<div class=\"clearboth\"><\/div><style>#thegem-divider-69f5c39c618fe {margin-top: 30px !important;}<\/style><div id=\"thegem-divider-69f5c39c618fe\" class=\"gem-divider  \" style=\"\" ><\/div>[vc_column_text]<\/p>\n<h5 style=\"text-align: center;\">Postanite dio na\u0161eg tima i uzmite vlastiti \u017eivot u svoje ruke. Nudimo vam priliku za postizanje zavidnih <span style=\"color: #ff6600;\">rezultata<\/span> neograni\u010dene mogu\u0107nosti <span style=\"color: #ff6600;\">zarade<\/span>. Vi ste onaj koji postavlja vlastite \u017eelje i ciljeve.<\/h5>\n<h5 style=\"text-align: center;\">Ispunite kontaktni obrazac i dopustite nam da vas upoznamo s ovim izuzetno dragocjenim metalom i mogu\u0107nostima poslovne <span style=\"color: #ff6600;\">suradnje<\/span>.<\/h5>\n<p>[\/vc_column_text][\/vc_column_inner][vc_column_inner width=&#8221;1\/2&#8243;]\n<div class=\"wpcf7 no-js\" id=\"wpcf7-f2826-o1\" lang=\"sl-SI\" dir=\"ltr\" data-wpcf7-id=\"2826\">\n<div class=\"screen-reader-response\"><p role=\"status\" aria-live=\"polite\" aria-atomic=\"true\"><\/p> <ul><\/ul><\/div>\n<form action=\"\/hr\/wp-json\/wp\/v2\/pages\/2685#wpcf7-f2826-o1\" method=\"post\" class=\"wpcf7-form init\" aria-label=\"Kontaktni obrazec\" enctype=\"multipart\/form-data\" novalidate=\"novalidate\" data-status=\"init\">\n<fieldset class=\"hidden-fields-container\"><legend class=\"screen-reader-text\">Hidden fields<\/legend><input type=\"hidden\" name=\"_wpcf7\" value=\"2826\" \/><input type=\"hidden\" name=\"_wpcf7_version\" value=\"6.1.5\" \/><input type=\"hidden\" name=\"_wpcf7_locale\" value=\"sl_SI\" \/><input type=\"hidden\" name=\"_wpcf7_unit_tag\" value=\"wpcf7-f2826-o1\" \/><input type=\"hidden\" name=\"_wpcf7_container_post\" value=\"0\" \/><input type=\"hidden\" name=\"_wpcf7_posted_data_hash\" value=\"\" \/><input type=\"hidden\" name=\"_wpcf7_recaptcha_response\" value=\"\" \/>\n<\/fieldset>\n<div class=\"contact-form row\">\n\n\t<div class=\"col-lg-12 col-md-12 col-xs-12\">\n\t\t<div style=\"margin-bottom: 30px;\" class=\"form-line\"><span class=\"wpcf7-form-control-wrap\" data-name=\"your-name\"><input size=\"40\" maxlength=\"400\" class=\"wpcf7-form-control wpcf7-text wpcf7-validates-as-required\" aria-required=\"true\" aria-invalid=\"false\" placeholder=\"Ime i Prezime*\" value=\"\" type=\"text\" name=\"your-name\" \/><\/span><\/div>\n\t<\/div>\n\n\t<div class=\"col-lg-12 col-md-12 col-xs-12\">\n\t\t<div style=\"margin-bottom: 30px;\" class=\"form-line\"><span class=\"wpcf7-form-control-wrap\" data-name=\"your-email\"><input size=\"40\" maxlength=\"400\" class=\"wpcf7-form-control wpcf7-email wpcf7-validates-as-required wpcf7-text wpcf7-validates-as-email\" aria-required=\"true\" aria-invalid=\"false\" placeholder=\"Email*\" value=\"\" type=\"email\" name=\"your-email\" \/><\/span><\/div>\n\t<\/div>\n\n       <div class=\"col-lg-12 col-md-12 col-xs-12\">\n\t\t<div style=\"margin-bottom: 30px;\" class=\"form-line\"><span class=\"wpcf7-form-control-wrap\" data-name=\"author-phone\"><input size=\"40\" maxlength=\"400\" class=\"wpcf7-form-control wpcf7-tel wpcf7-validates-as-required wpcf7-text wpcf7-validates-as-tel\" aria-required=\"true\" aria-invalid=\"false\" placeholder=\"Telefon*\" value=\"\" type=\"tel\" name=\"author-phone\" \/><\/span><\/div>\n\t<\/div>\n\n <div class=\"col-lg-12 col-md-12 col-xs-12\">\n                <div style=\"margin-bottom: 30px;\" class=\"form-line\"><span class=\"wpcf7-form-control-wrap\" data-name=\"vocation\"><select class=\"wpcf7-form-control wpcf7-select wpcf7-validates-as-required\" aria-required=\"true\" aria-invalid=\"false\" name=\"vocation\"><option value=\"Va\u0161a profesija*\">Va\u0161a profesija*<\/option><option value=\"Bankarstvo \/ osiguranje\">Bankarstvo \/ osiguranje<\/option><option value=\"Javni sektor\">Javni sektor<\/option><option value=\"Proizvodnja \/ industrija\">Proizvodnja \/ industrija<\/option><option value=\"Zdravstvo\">Zdravstvo<\/option><option value=\"Hotelska industrija \/ gastronomija\">Hotelska industrija \/ gastronomija<\/option><option value=\"Prodaja\">Prodaja<\/option><option value=\"IT\">IT<\/option><option value=\"Se jo\u0161 obrazujem\">Se jo\u0161 obrazujem<\/option><option value=\"Drugo\">Drugo<\/option><\/select><\/span><\/div>\n<\/div>\n\n\t<div class=\"col-lg-12 col-md-12 col-xs-12\">\n\t\t<div style=\"margin-bottom: 30px;\" class=\"form-line\"><span class=\"wpcf7-form-control-wrap\" data-name=\"your-message\"><textarea cols=\"40\" rows=\"4\" maxlength=\"2000\" class=\"wpcf7-form-control wpcf7-textarea wpcf7-validates-as-required\" aria-required=\"true\" aria-invalid=\"false\" placeholder=\"Va\u0161a poruka ...\" name=\"your-message\"><\/textarea><\/span><\/div>\n\t<\/div>\n\n\n      <div class=\"col-lg-12 col-md-12 col-xs-12\">\n       <div style=\"margin-bottom: 30px;\" class=\"form-line\" > \n            <label style=\"color:#151349\"><b>PRILOZI \u017dIVOTOPIS  ili PORTFOLIO<\/b><\/label>\n            <span class=\"wpcf7-form-control-wrap\" data-name=\"cv\"><input size=\"40\" class=\"wpcf7-form-control wpcf7-file form-control bg-white\" accept=\".pdf,.doc,.docx\" aria-invalid=\"false\" type=\"file\" name=\"cv\" \/><\/span>\n         <\/div><\/div>\n  \n\n\t<div class=\"col-lg-12 col-md-12 col-xs-12\">\n\t\t<input class=\"wpcf7-form-control wpcf7-submit has-spinner\" type=\"submit\" value=\"PO\u0160ALJI\" \/>\n\t<\/div>\n\n<\/div><p style=\"display: none !important;\" class=\"akismet-fields-container\" data-prefix=\"_wpcf7_ak_\"><label>&#916;<textarea name=\"_wpcf7_ak_hp_textarea\" cols=\"45\" rows=\"8\" maxlength=\"100\"><\/textarea><\/label><input type=\"hidden\" id=\"ak_js_1\" name=\"_wpcf7_ak_js\" value=\"75\"\/><script>document.getElementById( \"ak_js_1\" ).setAttribute( \"value\", ( new Date() ).getTime() );<\/script><\/p><div class=\"wpcf7-response-output\" aria-hidden=\"true\"><\/div>\n<\/form>\n<\/div>\n[\/vc_column_inner][\/vc_row_inner]<div class=\"clearboth\"><\/div><style>#thegem-divider-69f5c39c6ec0d {margin-top: 30px !important;}<\/style><div id=\"thegem-divider-69f5c39c6ec0d\" class=\"gem-divider  \" style=\"\" ><\/div>[\/vc_column][\/vc_row][vc_row full_width=&#8221;stretch_row&#8221; css=&#8221;.vc_custom_1586300234569{margin-top: 30px !important;margin-bottom: -300px !important;padding-bottom: 300px !important;background-color: #ffffff !important;}&#8221;][vc_column][vc_column_text css_animation=&#8221;none&#8221;]<\/p>\n<div class=\"title-h6\"><span style=\"color: #ffad00;\">PI\u0160ITE NAM I OTKRIJTE JEDINSTVENU PRILIKU<\/span><\/div>\n<p>[\/vc_column_text][vc_column_text css_animation=&#8221;none&#8221;]<\/p>\n<div class=\"title-h2\">Stojimo vam na raspolaganju za sva pitanja<\/div>\n<p>[\/vc_column_text]<div class=\"clearboth\"><\/div><style>#thegem-divider-69f5c39c6ec91 {margin-top: 50px !important;}<\/style><div id=\"thegem-divider-69f5c39c6ec91\" class=\"gem-divider  \" style=\"\" ><\/div>[vc_column_text css_animation=&#8221;none&#8221;]<\/p>\n<div class=\"styled-subtitle\"><span style=\"color: #66657d;\">Ulaga\u010di, mali investitori, partneri, zlatari &#8230; Osmij je dostupan kao ulaganje za sve! Obratite nam se, a mi \u0107emo vam sa zadovoljstvom predstaviti jedinstvenu priliku za ulaganje u ovaj iznimni, najrje\u0111i plemeniti metal.<\/span><\/div>\n<p>[\/vc_column_text]<div class=\"clearboth\"><\/div><style>#thegem-divider-69f5c39c6ece7 {margin-top: 50px !important;}<\/style><div id=\"thegem-divider-69f5c39c6ece7\" class=\"gem-divider  \" style=\"\" ><\/div>[vc_row_inner el_class=&#8221;custom-shadow&#8221;][vc_column_inner width=&#8221;1\/3&#8243; offset=&#8221;vc_col-lg-4 vc_col-md-4&#8243;]<div class=\"lazy-loading\" data-ll-item-delay=\"0\"><div class=\"gem-textbox  lazy-loading-item centered-box\"  data-ll-effect=\"move-up\" ><div class=\"gem-textbox-inner\" style=\"border: 5px solid #ffad00;border-top-left-radius: 30px;border-top-right-radius: 30px;border-bottom-right-radius: 30px;\"><div class=\"gem-textbox-content\" style=\"background-color: #ffffff;background-position: center top;padding-top: 30px;padding-bottom: 30px;padding-left: 30px;padding-right: 30px;\"><div class=\"gem-icon gem-icon-pack-material gem-icon-size-small  gem-icon-shape-circle \"  style=\"border-color: #f4f5fd;opacity: 1;\"><div class=\"gem-icon-inner\" style=\"background-color: #f4f5fd;\"><span class=\"gem-icon-half-1\" style=\"color: #ffb30a;\"><span class=\"back-angle\">&#xf3e4;<\/span><\/span><span class=\"gem-icon-half-2\" style=\"color: #ffb30a;\"><span class=\"back-angle\">&#xf3e4;<\/span><\/span><\/div><\/div><div class=\"clearboth\"><\/div><style>#thegem-divider-69f5c39c6ef6e {margin-top: 40px !important;}<\/style><div id=\"thegem-divider-69f5c39c6ef6e\" class=\"gem-divider  \" style=\"\" ><\/div>[vc_column_text]<\/p>\n<div class=\"title-h5\" style=\"text-align: center; text-transform: uppercase;\">GDJE SMO<\/div>\n<p>[\/vc_column_text][vc_column_text]<\/p>\n<p style=\"text-align: center;\">Maribor<br \/>\nSLOVENIJA<\/p>\n<p>[\/vc_column_text]<\/div><\/div><\/div><\/div>[\/vc_column_inner][vc_column_inner width=&#8221;1\/3&#8243; offset=&#8221;vc_col-lg-4 vc_col-md-4&#8243;]<div class=\"lazy-loading\" data-ll-item-delay=\"0\"><div class=\"gem-textbox  lazy-loading-item centered-box\"  data-ll-effect=\"move-up\" ><div class=\"gem-textbox-inner\" style=\"border: 5px solid #ffad00;border-top-left-radius: 30px;border-top-right-radius: 30px;border-bottom-right-radius: 30px;\"><div class=\"gem-textbox-content\" style=\"background-color: #ffffff;background-position: center top;padding-top: 30px;padding-bottom: 30px;padding-left: 30px;padding-right: 30px;\"><div class=\"gem-icon gem-icon-pack-material gem-icon-size-small  gem-icon-shape-circle \"  style=\"border-color: #f4f5fd;opacity: 1;\"><div class=\"gem-icon-inner\" style=\"background-color: #f4f5fd;\"><span class=\"gem-icon-half-1\" style=\"color: #ffb30a;\"><span class=\"back-angle\">&#xf1f3;<\/span><\/span><span class=\"gem-icon-half-2\" style=\"color: #ffb30a;\"><span class=\"back-angle\">&#xf1f3;<\/span><\/span><\/div><\/div><div class=\"clearboth\"><\/div><style>#thegem-divider-69f5c39c6f12f {margin-top: 40px !important;}<\/style><div id=\"thegem-divider-69f5c39c6f12f\" class=\"gem-divider  \" style=\"\" ><\/div>[vc_column_text]<\/p>\n<div class=\"title-h5\" style=\"text-align: center; text-transform: uppercase;\">NAZOVITE NAS<\/div>\n<p>[\/vc_column_text][vc_column_text]<\/p>\n<p style=\"text-align: center;\"><a href=\"tel:+38640333303\">+386(0)40-333-303<\/a><\/p>\n<p>[\/vc_column_text]<\/div><\/div><\/div><\/div>[\/vc_column_inner][vc_column_inner width=&#8221;1\/3&#8243; offset=&#8221;vc_col-lg-4 vc_col-md-4&#8243;]<div class=\"lazy-loading\" data-ll-item-delay=\"0\"><div class=\"gem-textbox  lazy-loading-item centered-box\"  data-ll-effect=\"move-up\" ><div class=\"gem-textbox-inner\" style=\"border: 5px solid #ffad00;border-top-left-radius: 30px;border-top-right-radius: 30px;border-bottom-right-radius: 30px;\"><div class=\"gem-textbox-content\" style=\"background-color: #ffffff;background-position: center top;padding-top: 30px;padding-bottom: 30px;padding-left: 30px;padding-right: 30px;\"><div class=\"gem-icon gem-icon-pack-material gem-icon-size-small  gem-icon-shape-circle \"  style=\"border-color: #f4f5fd;opacity: 1;\"><div class=\"gem-icon-inner\" style=\"background-color: #f4f5fd;\"><span class=\"gem-icon-half-1\" style=\"color: #ffb30a;\"><span class=\"back-angle\">&#xf2af;<\/span><\/span><span class=\"gem-icon-half-2\" style=\"color: #ffb30a;\"><span class=\"back-angle\">&#xf2af;<\/span><\/span><\/div><\/div><div class=\"clearboth\"><\/div><style>#thegem-divider-69f5c39c6f2af {margin-top: 40px !important;}<\/style><div id=\"thegem-divider-69f5c39c6f2af\" class=\"gem-divider  \" style=\"\" ><\/div>[vc_column_text]<\/p>\n<div class=\"title-h5\" style=\"text-align: center; text-transform: uppercase;\">PI\u0160ITE NAM<\/div>\n<p>[\/vc_column_text][vc_column_text]<\/p>\n<p style=\"text-align: center;\"><a href=\"mailto:info@osmium-institut.si\">info@osmium-institut.si<\/a><br \/>\n<a href=\"mailto:info@ois.si\">info@ois.si<\/a><\/p>\n<p>[\/vc_column_text]<\/div><\/div><\/div><\/div>[\/vc_column_inner][\/vc_row_inner]<div class=\"clearboth\"><\/div><style>#thegem-divider-69f5c39c6f315 {margin-bottom: 50px !important;}<\/style><div id=\"thegem-divider-69f5c39c6f315\" class=\"gem-divider  \" style=\"\" ><\/div>[\/vc_column][\/vc_row]<\/p>\n<\/div>","protected":false},"excerpt":{"rendered":"<p>[vc_row][vc_column width=&#8221;1\/2&#8243;][vc_column_text css_animation=&#8221;none&#8221;] POSTANITE PARTNER I PRIDRU\u017dITE NAM SE [\/vc_column_text][vc_column_text css_animation=&#8221;none&#8221;] Izvanredna prilika u svijetu plemenitih metala [\/vc_column_text][vc_column_text css_animation=&#8221;none&#8221;] Zanima&#8230;<\/p>\n","protected":false},"author":1,"featured_media":0,"parent":0,"menu_order":0,"comment_status":"closed","ping_status":"closed","template":"","meta":{"_monsterinsights_skip_tracking":false,"_monsterinsights_sitenote_active":false,"_monsterinsights_sitenote_note":"","_monsterinsights_sitenote_category":0,"footnotes":""},"class_list":["post-2685","page","type-page","status-publish"],"_links":{"self":[{"href":"https:\/\/www.osmium-institut.si\/hr\/wp-json\/wp\/v2\/pages\/2685","targetHints":{"allow":["GET"]}}],"collection":[{"href":"https:\/\/www.osmium-institut.si\/hr\/wp-json\/wp\/v2\/pages"}],"about":[{"href":"https:\/\/www.osmium-institut.si\/hr\/wp-json\/wp\/v2\/types\/page"}],"author":[{"embeddable":true,"href":"https:\/\/www.osmium-institut.si\/hr\/wp-json\/wp\/v2\/users\/1"}],"replies":[{"embeddable":true,"href":"https:\/\/www.osmium-institut.si\/hr\/wp-json\/wp\/v2\/comments?post=2685"}],"version-history":[{"count":7,"href":"https:\/\/www.osmium-institut.si\/hr\/wp-json\/wp\/v2\/pages\/2685\/revisions"}],"predecessor-version":[{"id":3229,"href":"https:\/\/www.osmium-institut.si\/hr\/wp-json\/wp\/v2\/pages\/2685\/revisions\/3229"}],"wp:attachment":[{"href":"https:\/\/www.osmium-institut.si\/hr\/wp-json\/wp\/v2\/media?parent=2685"}],"curies":[{"name":"wp","href":"https:\/\/api.w.org\/{rel}","templated":true}]}}